{"id":12922,"date":"2023-06-06T15:07:41","date_gmt":"2023-06-06T14:07:41","guid":{"rendered":"https:\/\/veille-entreprise.com\/securite2000\/?page_id=12922"},"modified":"2023-06-08T09:40:18","modified_gmt":"2023-06-08T08:40:18","slug":"moyens-roulant-et-logistique","status":"publish","type":"page","link":"https:\/\/securite2000.net\/?page_id=12922","title":{"rendered":"Moyens Roulant et Logistique"},"content":{"rendered":"<div class=\"wpb-content-wrapper\"><p>[vc_section el_id=\u00a0\u00bblogistique\u00a0\u00bb][vc_row][vc_column]<div class=\"heading  header-inline align-center color-black subcolor-main transform-default   vc_custom_1686062305768 heading-tag-h2\" id=\"like_sc_header_1297107057\"><h2 class=\"header\">Nos Moyens Roulant et Logistique<\/h2><\/div>[vc_empty_space height=\u00a0\u00bb50px\u00a0\u00bb][vc_column_text]<strong>SECURITE2000 <\/strong>dispose d\u2019une flotte automobile vari\u00e9e, regroupant tous types de transports de personnels, de v\u00e9hicules adapt\u00e9s au grand sud, de v\u00e9hicules touristiques, d\u2019engins et camions.<\/p>\n<p>Notre compagnie se dote de tous les moyens de transports s\u00e9curis\u00e9s en tout point afin de garantir la r\u00e9ussite de ces missions et veiller \u00e0 la satisfaction de nos partenaires.[\/vc_column_text][vc_single_image image=\u00a0\u00bb12927&Prime; img_size=\u00a0\u00bbfull\u00a0\u00bb alignment=\u00a0\u00bbcenter\u00a0\u00bb img_shadow=\u00a0\u00bbnone\u00a0\u00bb][vc_empty_space height=\u00a0\u00bb50px\u00a0\u00bb][vc_column_text]<strong>SECURITE 2000 <\/strong>dispose de la logistique n\u00e9cessaire au bon accomplissement de ses missions de s\u00e9curisation, de contr\u00f4le, de surveillance, d\u2019anticipation et d\u2019intervention dans le but de r\u00e9ussir tous ces partenariats et ces engagements en mati\u00e8re de qualit\u00e9 et d\u2019efficacit\u00e9 de service.<\/p>\n<p>La maintenance de notre flotte est assur\u00e9e par nos m\u00e9caniciens qualifi\u00e9s<\/p>\n<p>Pour une prestation de s\u00e9curit\u00e9 optimale nos collaborateurs sont munis de tous le package n\u00e9cessaire[\/vc_column_text][vc_row_inner][vc_column_inner width=\u00a0\u00bb1\/6&Prime;][vc_hoverbox image=\u00a0\u00bb12911&Prime; primary_title=\u00a0\u00bbRadio \/ Talkie Walkie\u00a0\u00bb primary_title_font_container=\u00a0\u00bbfont_size:19|color:%23ffffff|line_height:2&Prime; primary_title_google_fonts=\u00a0\u00bbfont_family:Fira%20Sans%3A300%2C300italic%2C400%2C400italic%2C500%2C500italic%2C700%2C700italic|font_style:400%20regular%3A400%3Anormal\u00a0\u00bb hover_title=\u00a0\u00bbRadio \/ Talkie Walkie\u00a0\u00bb hover_title_font_container=\u00a0\u00bbfont_size:19|line_height:2&Prime; hover_title_google_fonts=\u00a0\u00bbfont_family:Fira%20Sans%3A300%2C300italic%2C400%2C400italic%2C500%2C500italic%2C700%2C700italic|font_style:400%20regular%3A400%3Anormal\u00a0\u00bb hover_background_color=\u00a0\u00bbcustom\u00a0\u00bb use_custom_fonts_primary_title=\u00a0\u00bbtrue\u00a0\u00bb use_custom_fonts_hover_title=\u00a0\u00bbtrue\u00a0\u00bb hover_custom_background=\u00a0\u00bb#d0ac6b\u00a0\u00bb][\/vc_hoverbox][\/vc_column_inner][vc_column_inner width=\u00a0\u00bb1\/6&Prime;][vc_hoverbox image=\u00a0\u00bb12587&Prime; primary_title=\u00a0\u00bbLampes torches\u00a0\u00bb primary_title_font_container=\u00a0\u00bbfont_size:19|color:%23ffffff|line_height:2&Prime; primary_title_google_fonts=\u00a0\u00bbfont_family:Fira%20Sans%3A300%2C300italic%2C400%2C400italic%2C500%2C500italic%2C700%2C700italic|font_style:400%20regular%3A400%3Anormal\u00a0\u00bb hover_title=\u00a0\u00bbLampes torches\u00a0\u00bb hover_title_font_container=\u00a0\u00bbfont_size:19|line_height:2&Prime; hover_title_google_fonts=\u00a0\u00bbfont_family:Fira%20Sans%3A300%2C300italic%2C400%2C400italic%2C500%2C500italic%2C700%2C700italic|font_style:400%20regular%3A400%3Anormal\u00a0\u00bb hover_background_color=\u00a0\u00bbcustom\u00a0\u00bb use_custom_fonts_primary_title=\u00a0\u00bbtrue\u00a0\u00bb use_custom_fonts_hover_title=\u00a0\u00bbtrue\u00a0\u00bb hover_custom_background=\u00a0\u00bb#d0ac6b\u00a0\u00bb][\/vc_hoverbox][\/vc_column_inner][vc_column_inner width=\u00a0\u00bb1\/6&Prime;][vc_hoverbox image=\u00a0\u00bb12592&Prime; primary_title=\u00a0\u00bbCynotechnique\u00a0\u00bb primary_title_font_container=\u00a0\u00bbfont_size:19|color:%23ffffff|line_height:2&Prime; primary_title_google_fonts=\u00a0\u00bbfont_family:Fira%20Sans%3A300%2C300italic%2C400%2C400italic%2C500%2C500italic%2C700%2C700italic|font_style:400%20regular%3A400%3Anormal\u00a0\u00bb hover_title=\u00a0\u00bbCynotechnique\u00a0\u00bb hover_title_font_container=\u00a0\u00bbfont_size:19|line_height:2&Prime; hover_title_google_fonts=\u00a0\u00bbfont_family:Fira%20Sans%3A300%2C300italic%2C400%2C400italic%2C500%2C500italic%2C700%2C700italic|font_style:400%20regular%3A400%3Anormal\u00a0\u00bb hover_background_color=\u00a0\u00bbcustom\u00a0\u00bb use_custom_fonts_primary_title=\u00a0\u00bbtrue\u00a0\u00bb use_custom_fonts_hover_title=\u00a0\u00bbtrue\u00a0\u00bb hover_custom_background=\u00a0\u00bb#d0ac6b\u00a0\u00bb][\/vc_hoverbox][\/vc_column_inner][vc_column_inner width=\u00a0\u00bb1\/6&Prime;][vc_hoverbox image=\u00a0\u00bb12596&Prime; primary_title=\u00a0\u00bbMiroirs d\u2019inspection\u00a0\u00bb primary_title_font_container=\u00a0\u00bbfont_size:19|color:%23ffffff|line_height:2&Prime; primary_title_google_fonts=\u00a0\u00bbfont_family:Fira%20Sans%3A300%2C300italic%2C400%2C400italic%2C500%2C500italic%2C700%2C700italic|font_style:400%20regular%3A400%3Anormal\u00a0\u00bb hover_title=\u00a0\u00bbMiroirs d\u2019inspection\u00a0\u00bb hover_title_font_container=\u00a0\u00bbfont_size:19|line_height:2&Prime; hover_title_google_fonts=\u00a0\u00bbfont_family:Fira%20Sans%3A300%2C300italic%2C400%2C400italic%2C500%2C500italic%2C700%2C700italic|font_style:400%20regular%3A400%3Anormal\u00a0\u00bb hover_background_color=\u00a0\u00bbcustom\u00a0\u00bb use_custom_fonts_primary_title=\u00a0\u00bbtrue\u00a0\u00bb use_custom_fonts_hover_title=\u00a0\u00bbtrue\u00a0\u00bb hover_custom_background=\u00a0\u00bb#d0ac6b\u00a0\u00bb][\/vc_hoverbox][\/vc_column_inner][vc_column_inner width=\u00a0\u00bb1\/6&Prime;][vc_hoverbox image=\u00a0\u00bb12598&Prime; primary_title=\u00a0\u00bbD\u00e9tecteurs de fouille (manuel)\u00a0\u00bb primary_title_font_container=\u00a0\u00bbfont_size:19|color:%23ffffff|line_height:2&Prime; primary_title_google_fonts=\u00a0\u00bbfont_family:Fira%20Sans%3A300%2C300italic%2C400%2C400italic%2C500%2C500italic%2C700%2C700italic|font_style:400%20regular%3A400%3Anormal\u00a0\u00bb hover_title=\u00a0\u00bbD\u00e9tecteurs de fouille (manuel)\u00a0\u00bb hover_title_font_container=\u00a0\u00bbfont_size:19|line_height:2&Prime; hover_title_google_fonts=\u00a0\u00bbfont_family:Fira%20Sans%3A300%2C300italic%2C400%2C400italic%2C500%2C500italic%2C700%2C700italic|font_style:400%20regular%3A400%3Anormal\u00a0\u00bb hover_background_color=\u00a0\u00bbcustom\u00a0\u00bb use_custom_fonts_primary_title=\u00a0\u00bbtrue\u00a0\u00bb use_custom_fonts_hover_title=\u00a0\u00bbtrue\u00a0\u00bb hover_custom_background=\u00a0\u00bb#d0ac6b\u00a0\u00bb][\/vc_hoverbox][\/vc_column_inner][vc_column_inner width=\u00a0\u00bb1\/6&Prime;][vc_hoverbox image=\u00a0\u00bb12917&Prime; primary_title=\u00a0\u00bbScanner \u00e0 bagage et Portique sur commande\u00a0\u00bb primary_title_font_container=\u00a0\u00bbfont_size:19|color:%23ffffff|line_height:2&Prime; primary_title_google_fonts=\u00a0\u00bbfont_family:Fira%20Sans%3A300%2C300italic%2C400%2C400italic%2C500%2C500italic%2C700%2C700italic|font_style:400%20regular%3A400%3Anormal\u00a0\u00bb hover_title=\u00a0\u00bbScanner \u00e0 bagage et Portique sur commande\u00a0\u00bb hover_title_font_container=\u00a0\u00bbfont_size:19|line_height:2&Prime; hover_title_google_fonts=\u00a0\u00bbfont_family:Fira%20Sans%3A300%2C300italic%2C400%2C400italic%2C500%2C500italic%2C700%2C700italic|font_style:400%20regular%3A400%3Anormal\u00a0\u00bb hover_background_color=\u00a0\u00bbcustom\u00a0\u00bb use_custom_fonts_primary_title=\u00a0\u00bbtrue\u00a0\u00bb use_custom_fonts_hover_title=\u00a0\u00bbtrue\u00a0\u00bb hover_custom_background=\u00a0\u00bb#d0ac6b\u00a0\u00bb][\/vc_hoverbox][\/vc_column_inner][\/vc_row_inner][vc_empty_space height=\u00a0\u00bb50px\u00a0\u00bb][\/vc_column][\/vc_row][\/vc_section][vc_row][vc_column width=\u00a0\u00bb1\/3&Prime;]<div class=\"heading  header-inline align-center color-black subcolor-main transform-default   vc_custom_1686063349392 heading-tag-h5\" id=\"like_sc_header_521307680\"><h5 class=\"header\">Scanner \u00e0 rayon X<\/h5><\/div>[vc_single_image image=\u00a0\u00bb12934&Prime; img_size=\u00a0\u00bbfull\u00a0\u00bb alignment=\u00a0\u00bbcenter\u00a0\u00bb onclick=\u00a0\u00bblink_image\u00a0\u00bb img_shadow=\u00a0\u00bbnone\u00a0\u00bb][\/vc_column][vc_column width=\u00a0\u00bb1\/3&Prime;]<div class=\"heading  header-inline align-center color-black subcolor-main transform-default   vc_custom_1686063522522 heading-tag-h5\" id=\"like_sc_header_791167304\"><h5 class=\"header\">Portique Scanner<\/h5><\/div>[vc_single_image image=\u00a0\u00bb12936&Prime; img_size=\u00a0\u00bbfull\u00a0\u00bb alignment=\u00a0\u00bbcenter\u00a0\u00bb onclick=\u00a0\u00bblink_image\u00a0\u00bb img_shadow=\u00a0\u00bbnone\u00a0\u00bb][\/vc_column][vc_column width=\u00a0\u00bb1\/3&Prime;]<div class=\"heading  header-inline align-center color-black subcolor-main transform-default   vc_custom_1686063711704 heading-tag-h5\" id=\"like_sc_header_550386709\"><h5 class=\"header\">Miroir d\u2019inspection des v\u00e9hicules<\/h5><\/div>[vc_single_image image=\u00a0\u00bb12937&Prime; img_size=\u00a0\u00bbfull\u00a0\u00bb alignment=\u00a0\u00bbcenter\u00a0\u00bb onclick=\u00a0\u00bblink_image\u00a0\u00bb img_shadow=\u00a0\u00bbnone\u00a0\u00bb][\/vc_column][\/vc_row][vc_row][vc_column width=\u00a0\u00bb1\/2&Prime;]<div class=\"heading  header-inline align-center color-black subcolor-main transform-default   vc_custom_1686063317784 heading-tag-h5\" id=\"like_sc_header_957869931\"><h5 class=\"header\">Simulateur de conduite de v\u00e9hicule<\/h5><\/div>[vc_single_image image=\u00a0\u00bb12896&Prime; img_size=\u00a0\u00bbfull\u00a0\u00bb alignment=\u00a0\u00bbcenter\u00a0\u00bb onclick=\u00a0\u00bblink_image\u00a0\u00bb img_shadow=\u00a0\u00bbnone\u00a0\u00bb][\/vc_column][vc_column width=\u00a0\u00bb1\/2&Prime;]<div class=\"heading  header-inline align-center color-black subcolor-main transform-default   vc_custom_1686063902313 heading-tag-h5\" id=\"like_sc_header_1632477345\"><h5 class=\"header\">Diverses tenues<\/h5><\/div>[vc_single_image image=\u00a0\u00bb12939&Prime; img_size=\u00a0\u00bbfull\u00a0\u00bb alignment=\u00a0\u00bbcenter\u00a0\u00bb onclick=\u00a0\u00bblink_image\u00a0\u00bb img_shadow=\u00a0\u00bbnone\u00a0\u00bb][\/vc_column][\/vc_row]<\/p>\n<\/div>","protected":false},"excerpt":{"rendered":"<p>[vc_section el_id=\u00a0\u00bblogistique\u00a0\u00bb][vc_row][vc_column][vc_empty_space height=\u00a0\u00bb50px\u00a0\u00bb][vc_column_text]SECURITE2000 dispose d\u2019une flotte automobile vari\u00e9e, regroupant tous types de transports de personnels, de v\u00e9hicules adapt\u00e9s au grand sud, de v\u00e9hicules touristiques, d\u2019engins et camions. Notre compagnie se dote de tous les moyens de transports s\u00e9curis\u00e9s en tout point afin de garantir la r\u00e9ussite de ces missions et veiller \u00e0 la satisfaction de [&hellip;]<\/p>\n","protected":false},"author":3,"featured_media":0,"parent":0,"menu_order":0,"comment_status":"closed","ping_status":"closed","template":"","meta":{"footnotes":""},"class_list":["post-12922","page","type-page","status-publish","hentry"],"_links":{"self":[{"href":"https:\/\/securite2000.net\/index.php?rest_route=\/wp\/v2\/pages\/12922","targetHints":{"allow":["GET"]}}],"collection":[{"href":"https:\/\/securite2000.net\/index.php?rest_route=\/wp\/v2\/pages"}],"about":[{"href":"https:\/\/securite2000.net\/index.php?rest_route=\/wp\/v2\/types\/page"}],"author":[{"embeddable":true,"href":"https:\/\/securite2000.net\/index.php?rest_route=\/wp\/v2\/users\/3"}],"replies":[{"embeddable":true,"href":"https:\/\/securite2000.net\/index.php?rest_route=%2Fwp%2Fv2%2Fcomments&post=12922"}],"version-history":[{"count":17,"href":"https:\/\/securite2000.net\/index.php?rest_route=\/wp\/v2\/pages\/12922\/revisions"}],"predecessor-version":[{"id":12955,"href":"https:\/\/securite2000.net\/index.php?rest_route=\/wp\/v2\/pages\/12922\/revisions\/12955"}],"wp:attachment":[{"href":"https:\/\/securite2000.net\/index.php?rest_route=%2Fwp%2Fv2%2Fmedia&parent=12922"}],"curies":[{"name":"wp","href":"https:\/\/api.w.org\/{rel}","templated":true}]}}