{"id":4265,"date":"2018-04-09T17:28:04","date_gmt":"2018-04-09T16:28:04","guid":{"rendered":"http:\/\/localhost\/securite\/?page_id=4265"},"modified":"2024-01-21T16:29:35","modified_gmt":"2024-01-21T15:29:35","slug":"a-propos-de-securite-2000","status":"publish","type":"page","link":"https:\/\/securite2000.net\/?page_id=4265","title":{"rendered":"\u00c0 propos de S\u00e9curit\u00e9 2000"},"content":{"rendered":"<div class=\"wpb-content-wrapper\"><p>[vc_section full_width=\u00a0\u00bbstretch_row\u00a0\u00bb][vc_row full_width=\u00a0\u00bbstretch_row\u00a0\u00bb][vc_column][vc_column_text]<\/p>\n<h4>Historique <b>et Pr\u00e9sentation<\/b><\/h4>\n<p style=\"font-weight: 400;\"><a href=\"https:\/\/securite2000.net\"><strong>SECURITE 2000<\/strong><\/a> est une entreprise de s\u00e9curit\u00e9 et de gardiennage priv\u00e9e qui accompagne depuis 25 ans\u00a0\u00a0de nombreux clients. Pr\u00e9sente sur tout le territoire national, elle offre ses services aux entreprises afin d\u2019assurer la s\u00e9curit\u00e9 de leurs biens, de leur personnel et de leurs infrastructures.<\/p>\n<p style=\"font-weight: 400;\">Fond\u00e9e en 1998, <a href=\"https:\/\/securite2000.net\"><strong>SECURITE 2000<\/strong><\/a>\u00a0est dot\u00e9e d\u2019un capital social de 1 000 000 000 DA, elle est membre de l\u2019International Security ligue de Gen\u00e8ve depuis 2016 et est certifi\u00e9e aux normes ISO 9001 (2015), ISO 14001(2015) et ISO 45001 (2018).<\/p>\n<p style=\"font-weight: 400;\">Elle met son savoir-faire au service de la S\u00e9curit\u00e9 et de la S\u00fbret\u00e9 des biens et des personnes, ainsi que son expertise tant au niveau des prestations humaines que des technologies via sa filiale <a href=\"https:\/\/securite2000.net\"><strong>SECURITE 2000.<\/strong><\/a><\/p>\n<p>Elle a pour ambition d\u2019\u00eatre l\u2019acteur de s\u00e9curit\u00e9 priv\u00e9 le plus innovant, le plus performant et le mieux valoris\u00e9.[\/vc_column_text][\/vc_column][\/vc_row][vc_row][vc_column]<div class=\"es-resp\">\t<div class=\"hidden-xl hidden-md hidden-sm hidden-ms hidden-xs\" style=\"height: 64px;\"><\/div>\t<div class=\"visible-md\" style=\"height: 64px;\"><\/div>\t<div class=\"visible-sm \" style=\"height: 64px;\"><\/div>\t<div class=\"visible-ms\" style=\"height: 64px;\"><\/div>\t<div class=\"visible-xs\" style=\"height: 32px;\"><\/div><\/div>[\/vc_column][\/vc_row][\/vc_section][vc_row][vc_column]<div class=\"ltx-countup  layout-default\" id=\"like_sc_header_160259599\"><div class=\"row\">\r\n\t\t\t\t<div class=\" col-md-3  col-sm-6 col-ms-6 col-xs-12 center-flex countUp-wrap\">\r\n\t\t\t\t\t<div class=\" countUp-item item\">\r\n\t\t\t\t\t\t<span class=\"h2\"><span class=\" countUp\" id=\"like_sc_header_160259599-0\">100<\/span><\/span>\r\n\t\t\t\t\t\t<h6 class=\"subheader\">R\u00e9f\u00e9rences<\/h6><\/div>\r\n\t\t\t\t<\/div>\r\n\t\t\t\t<div class=\" col-md-3  col-sm-6 col-ms-6 col-xs-12 center-flex countUp-wrap\">\r\n\t\t\t\t\t<div class=\" countUp-item item\">\r\n\t\t\t\t\t\t<span class=\"h2\"><span class=\" countUp\" id=\"like_sc_header_160259599-1\">2000<\/span><\/span>\r\n\t\t\t\t\t\t<h6 class=\"subheader\">Employ\u00e9es<\/h6><\/div>\r\n\t\t\t\t<\/div>\r\n\t\t\t\t<div class=\" col-md-3  col-sm-6 col-ms-6 col-xs-12 center-flex countUp-wrap\">\r\n\t\t\t\t\t<div class=\" countUp-item item\">\r\n\t\t\t\t\t\t<span class=\"h2\"><span class=\" countUp\" id=\"like_sc_header_160259599-2\">130<\/span><\/span>\r\n\t\t\t\t\t\t<h6 class=\"subheader\">Flottes<\/h6><\/div>\r\n\t\t\t\t<\/div>\r\n\t\t\t\t<div class=\" col-md-3  col-sm-6 col-ms-6 col-xs-12 center-flex countUp-wrap\">\r\n\t\t\t\t\t<div class=\" countUp-item item\">\r\n\t\t\t\t\t\t<span class=\"h2\"><span class=\" countUp\" id=\"like_sc_header_160259599-3\">30<\/span><\/span>\r\n\t\t\t\t\t\t<h6 class=\"subheader\">Partenaires<\/h6><\/div>\r\n\t\t\t\t<\/div><\/div><\/div>[\/vc_column][\/vc_row][vc_row el_class=\u00a0\u00bbsavoirfaire\u00a0\u00bb][vc_column]<div class=\"heading  default color-black transform-default heading-tag-h3\" id=\"like_sc_header_1226407254\"><h3 class=\"header\">Notre savoir faire<\/h3><\/div>[vc_column_text]Pour optimiser l\u2019efficacit\u00e9 de la cha\u00eene s\u00e9curitaire, <strong>S\u00e9curit\u00e9 2000<\/strong> offre une solution qui englobe des ressources humaines qualifi\u00e9es et des moyens techniques de pointe. Il s\u2019agit de proposer, apr\u00e8s \u00e9tude, les solutions les mieux adapt\u00e9es aux besoins et aux contextes dans les domaines suivants:[\/vc_column_text][vc_row_inner][vc_column_inner width=\u00a0\u00bb1\/2&Prime;]<ul class=\"block-icon icons-count-11  col-bg-transparent icon-h-right align-left i-circle layout-col1\" ><li data-mh=\"ltx-block-icon-li-1460\"><div data-mh=\"ltx-block-icon-in-1460\" class=\"in matchHeight\"><span class=\"icon fas fa-check-circle\" data-mh=\"ltx-icon-span-\"><\/span> <h6 class=\"header\"> Contr\u00f4le des acc\u00e8s<br \/>\n <\/h6> <div class=\"descr\"><\/div><\/div><\/li><li data-mh=\"ltx-block-icon-li-1460\"><div data-mh=\"ltx-block-icon-in-1460\" class=\"in matchHeight\"><span class=\"icon fas fa-check-circle\" data-mh=\"ltx-icon-span-\"><\/span> <h6 class=\"header\"> Fourniture et installation de mat\u00e9riel des \u00e9curit\u00e9 <\/h6> <div class=\"descr\"><\/div><\/div><\/li><li data-mh=\"ltx-block-icon-li-1460\"><div data-mh=\"ltx-block-icon-in-1460\" class=\"in matchHeight\"><span class=\"icon fas fa-check-circle\" data-mh=\"ltx-icon-span-\"><\/span> <h6 class=\"header\"> Filtrage et s\u00e9curit\u00e9 des sites. <\/h6> <div class=\"descr\"><\/div><\/div><\/li><li data-mh=\"ltx-block-icon-li-1460\"><div data-mh=\"ltx-block-icon-in-1460\" class=\"in matchHeight\"><span class=\"icon fas fa-check-circle\" data-mh=\"ltx-icon-span-\"><\/span> <h6 class=\"header\"> Orientation des visiteurs <\/h6> <div class=\"descr\"><\/div><\/div><\/li><li data-mh=\"ltx-block-icon-li-1460\"><div data-mh=\"ltx-block-icon-in-1460\" class=\"in matchHeight\"><span class=\"icon fas fa-check-circle\" data-mh=\"ltx-icon-span-\"><\/span> <h6 class=\"header\"> Pr\u00e9vention des actes malveillants <\/h6> <div class=\"descr\"><\/div><\/div><\/li><li data-mh=\"ltx-block-icon-li-1460\"><div data-mh=\"ltx-block-icon-in-1460\" class=\"in matchHeight\"><span class=\"icon fas fa-check-circle\" data-mh=\"ltx-icon-span-\"><\/span> <h6 class=\"header\"> Contr\u00f4le de colis suspects <\/h6> <div class=\"descr\"><\/div><\/div><\/li><li data-mh=\"ltx-block-icon-li-1460\"><div data-mh=\"ltx-block-icon-in-1460\" class=\"in matchHeight\"><span class=\"icon fas fa-check-circle\" data-mh=\"ltx-icon-span-\"><\/span> <h6 class=\"header\"> Contr\u00f4le des v\u00e9hicules entrant et sortant sur sites <\/h6> <div class=\"descr\"><\/div><\/div><\/li><li data-mh=\"ltx-block-icon-li-1460\"><div data-mh=\"ltx-block-icon-in-1460\" class=\"in matchHeight\"><span class=\"icon fas fa-check-circle\" data-mh=\"ltx-icon-span-\"><\/span> <h6 class=\"header\"> D\u00e9tection d'intrusion <\/h6> <div class=\"descr\"><\/div><\/div><\/li><li data-mh=\"ltx-block-icon-li-1460\"><div data-mh=\"ltx-block-icon-in-1460\" class=\"in matchHeight\"><span class=\"icon fas fa-check-circle\" data-mh=\"ltx-icon-span-\"><\/span> <h6 class=\"header\"> Accompagnement en zones sensibles du personnel des clients. <\/h6> <div class=\"descr\"><\/div><\/div><\/li><li data-mh=\"ltx-block-icon-li-1460\"><div data-mh=\"ltx-block-icon-in-1460\" class=\"in matchHeight\"><span class=\"icon fas fa-check-circle\" data-mh=\"ltx-icon-span-\"><\/span> <h6 class=\"header\"> Transport de Fonds <\/h6> <div class=\"descr\"><\/div><\/div><\/li><li data-mh=\"ltx-block-icon-li-1460\"><div data-mh=\"ltx-block-icon-in-1460\" class=\"in matchHeight\"><span class=\"icon fas fa-check-circle\" data-mh=\"ltx-icon-span-\"><\/span> <h6 class=\"header\"> Escorte de produits sensibles <\/h6> <div class=\"descr\"><\/div><\/div><\/li><\/ul>[\/vc_column_inner][vc_column_inner width=\u00a0\u00bb1\/2&Prime;][vc_empty_space height=\u00a0\u00bb70px\u00a0\u00bb][vc_single_image image=\u00a0\u00bb12896&Prime; img_size=\u00a0\u00bbfull\u00a0\u00bb alignment=\u00a0\u00bbcenter\u00a0\u00bb img_shadow=\u00a0\u00bbnone\u00a0\u00bb][\/vc_column_inner][\/vc_row_inner][vc_empty_space height=\u00a0\u00bb100px\u00a0\u00bb][\/vc_column][\/vc_row][vc_row full_width=\u00a0\u00bbstretch_row\u00a0\u00bb el_class=\u00a0\u00bbsavoirfaire\u00a0\u00bb css=\u00a0\u00bb.vc_custom_1686048881986{background-image: url(https:\/\/veille-entreprise.com\/securite2000\/wp-content\/uploads\/2023\/06\/data-subheader.png?id=12904) !important;background-position: center !important;background-repeat: no-repeat !important;background-size: cover !important;}\u00a0\u00bb][vc_column]<div class=\"heading  default color-black transform-default heading-tag-h3\" id=\"like_sc_header_2037327154\"><h3 class=\"header\">Nos ressources humaines<\/h3><\/div>[vc_column_text]Avec un effectif de plus de <strong>2000 <\/strong>employ\u00e9s, notre compagnie b\u00e9n\u00e9ficie d\u2019un personnel hautement qualifi\u00e9 dont les comp\u00e9tences sont reconnues par l\u2019ensemble de nos partenaires.<\/p>\n<p><strong>SECURITE2000 <\/strong>a pour exigence en mati\u00e8re de collaboration de choisir son personnel sur une haute \u00e9chelle de valeurs et d\u2019int\u00e9grit\u00e9.<\/p>\n<p>Notre compagnie a pour point d\u2019orgue le respect universel des valeurs humaines et ce, par le respect des conditions de travail.[\/vc_column_text][vc_empty_space height=\u00a0\u00bb20px\u00a0\u00bb][\/vc_column][\/vc_row][vc_row el_class=\u00a0\u00bbsavoirfaire\u00a0\u00bb][vc_column]<div class=\"heading  default color-black transform-default heading-tag-h3\" id=\"like_sc_header_1544730607\"><h3 class=\"header\">Formation<\/h3><\/div>[vc_row_inner][vc_column_inner width=\u00a0\u00bb1\/2&Prime;][vc_column_text]<strong>S\u00e9curit\u00e9 2000 <\/strong>dispose de son propre programme et centre de formation, de restauration et d\u2019h\u00e9bergement, pour \u00eatre en permanence attentive aux \u00e9volutions des m\u00e9tiers. Elle reste r\u00e9active en mati\u00e8re de formation continue par l\u2019\u00e9laboration d\u2019un cursus qui \u00e9volue durant tout le temps de la prestation, en tenant compte des exigences des m\u00e9tiers de la s\u00e9curit\u00e9. Des formations sp\u00e9cifiques sont \u00e9galement dispens\u00e9es pour chaque client, \u00e0 sa demande.<\/p>\n<p>En outre, <strong>S\u00e9curit\u00e9 2000<\/strong> mise sur le d\u00e9veloppement des comp\u00e9tences et l&rsquo;accompagnement de son personnel dans la formation continue, elle consent ainsi \u00e0 maintenir un haut niveau de comp\u00e9tence en les pr\u00e9parant aux \u00e9volutions technologiques incessantes du secteur de la s\u00e9curit\u00e9.<\/p>\n<p>Nos agents sont form\u00e9s pour g\u00e9rer le centre des op\u00e9rations de la vid\u00e9osurveillance, de d\u00e9tection d\u2019incendie, de scanner \u00e0 bagage et de d\u00e9tecteurs d\u2019explosifs.[\/vc_column_text][\/vc_column_inner][vc_column_inner width=\u00a0\u00bb1\/2&Prime;][vc_single_image image=\u00a0\u00bb12902&Prime; img_size=\u00a0\u00bbfull\u00a0\u00bb img_shadow=\u00a0\u00bbnone\u00a0\u00bb][\/vc_column_inner][\/vc_row_inner][vc_empty_space height=\u00a0\u00bb100px\u00a0\u00bb][\/vc_column][\/vc_row]<\/p>\n<\/div>","protected":false},"excerpt":{"rendered":"<p>[vc_section full_width=\u00a0\u00bbstretch_row\u00a0\u00bb][vc_row full_width=\u00a0\u00bbstretch_row\u00a0\u00bb][vc_column][vc_column_text] Historique et Pr\u00e9sentation SECURITE 2000 est une entreprise de s\u00e9curit\u00e9 et de gardiennage priv\u00e9e qui accompagne depuis 25 ans\u00a0\u00a0de nombreux clients. Pr\u00e9sente sur tout le territoire national, elle offre ses services aux entreprises afin d\u2019assurer la s\u00e9curit\u00e9 de leurs biens, de leur personnel et de leurs infrastructures. Fond\u00e9e en 1998, SECURITE 2000\u00a0est [&hellip;]<\/p>\n","protected":false},"author":3,"featured_media":0,"parent":0,"menu_order":0,"comment_status":"closed","ping_status":"closed","template":"","meta":{"footnotes":""},"class_list":["post-4265","page","type-page","status-publish","hentry"],"_links":{"self":[{"href":"https:\/\/securite2000.net\/index.php?rest_route=\/wp\/v2\/pages\/4265","targetHints":{"allow":["GET"]}}],"collection":[{"href":"https:\/\/securite2000.net\/index.php?rest_route=\/wp\/v2\/pages"}],"about":[{"href":"https:\/\/securite2000.net\/index.php?rest_route=\/wp\/v2\/types\/page"}],"author":[{"embeddable":true,"href":"https:\/\/securite2000.net\/index.php?rest_route=\/wp\/v2\/users\/3"}],"replies":[{"embeddable":true,"href":"https:\/\/securite2000.net\/index.php?rest_route=%2Fwp%2Fv2%2Fcomments&post=4265"}],"version-history":[{"count":46,"href":"https:\/\/securite2000.net\/index.php?rest_route=\/wp\/v2\/pages\/4265\/revisions"}],"predecessor-version":[{"id":13183,"href":"https:\/\/securite2000.net\/index.php?rest_route=\/wp\/v2\/pages\/4265\/revisions\/13183"}],"wp:attachment":[{"href":"https:\/\/securite2000.net\/index.php?rest_route=%2Fwp%2Fv2%2Fmedia&parent=4265"}],"curies":[{"name":"wp","href":"https:\/\/api.w.org\/{rel}","templated":true}]}}